{"id":18,"date":"2018-10-01T16:04:16","date_gmt":"2018-10-01T16:04:16","guid":{"rendered":"https:\/\/www.blazar.si\/?page_id=18"},"modified":"2026-01-30T15:26:13","modified_gmt":"2026-01-30T15:26:13","slug":"aktivnosti","status":"publish","type":"page","link":"https:\/\/www.blazar.si\/sl\/aktivnosti\/","title":{"rendered":"Aktivnosti"},"content":{"rendered":"<p>[et_pb_section fb_built=&#8221;1&#8243; custom_padding_last_edited=&#8221;on|phone&#8221; admin_label=&#8221;Boxy Header Module &#8211; Image 1920 x 1117 pixels&#8221; _builder_version=&#8221;4.27.5&#8243; background_enable_color=&#8221;off&#8221; use_background_color_gradient=&#8221;on&#8221; background_color_gradient_stops=&#8221;rgba(0,0,0,0) 33%|#cfc486 100%&#8221; background_color_gradient_start=&#8221;#8ba2b2&#8243; background_color_gradient_start_position=&#8221;56%&#8221; background_color_gradient_end=&#8221;#1a4963&#8243; background_image=&#8221;https:\/\/www.blazar.si\/wp-content\/uploads\/2018\/10\/aktivnosti-intro.jpg&#8221; background_blend=&#8221;multiply&#8221; z_index=&#8221;1&#8243; custom_margin=&#8221;||||false|false&#8221; custom_padding=&#8221;112px||65px||false|false&#8221; custom_padding_tablet=&#8221;100px||84px||false|false&#8221; custom_padding_phone=&#8221;63px||50px||false|false&#8221; animation_direction=&#8221;top&#8221; hover_enabled=&#8221;0&#8243; box_shadow_style=&#8221;preset3&#8243; box_shadow_blur=&#8221;55px&#8221; box_shadow_color=&#8221;rgba(0,0,0,0.52)&#8221; collapsed=&#8221;off&#8221; global_colors_info=&#8221;{}&#8221; custom_css_before=&#8221;\/* color overlay *\/||content: &#8221;;||position: absolute;||bottom: 0;||left: 0;||width: 100%;||height: 100%;||background: rgba(0,0,0,0.2);||z-index: 0;&#8221; sticky_enabled=&#8221;0&#8243;][et_pb_row custom_padding_last_edited=&#8221;on|tablet&#8221; admin_label=&#8221;Boxy Header Module&#8221; module_class=&#8221;lines_ba et_pb_row_fullwidth&#8221; _builder_version=&#8221;4.16&#8243; background_size=&#8221;initial&#8221; background_position=&#8221;top_left&#8221; background_repeat=&#8221;repeat&#8221; z_index=&#8221;1&#8243; width=&#8221;89%&#8221; width_tablet=&#8221;80%&#8221; width_phone=&#8221;80%&#8221; width_last_edited=&#8221;on|desktop&#8221; max_width=&#8221;89%&#8221; max_width_tablet=&#8221;80%&#8221; max_width_phone=&#8221;80%&#8221; max_width_last_edited=&#8221;on|desktop&#8221; custom_padding=&#8221;20px|0px|20px|0px&#8221; custom_padding_tablet=&#8221;0px|0px|0px|0px&#8221; custom_padding_phone=&#8221;&#8221; make_fullwidth=&#8221;on&#8221; global_colors_info=&#8221;{}&#8221;][et_pb_column type=&#8221;4_4&#8243; _builder_version=&#8221;4.16&#8243; background_position=&#8221;top_left&#8221; custom_padding=&#8221;|||&#8221; global_colors_info=&#8221;{}&#8221; custom_padding__hover=&#8221;|||&#8221;][et_pb_cta title=&#8221;AKTIVNOSTI&#8221; admin_label=&#8221;Make It Awesome&#8221; module_class=&#8221;hero-title&#8221; _builder_version=&#8221;4.27.5&#8243; header_level=&#8221;h1&#8243; header_font=&#8221;Poppins|700||on|||||&#8221; header_text_align=&#8221;center&#8221; header_text_color=&#8221;#FFFFFF&#8221; header_font_size=&#8221;56px&#8221; header_line_height=&#8221;1.7em&#8221; body_font=&#8221;Lato||||&#8221; body_text_color=&#8221;#ffffff&#8221; body_font_size=&#8221;16&#8243; body_line_height=&#8221;170%&#8221; use_background_color=&#8221;off&#8221; custom_button=&#8221;on&#8221; button_text_size=&#8221;16px&#8221; button_text_color=&#8221;#ffffff&#8221; button_bg_color=&#8221;rgba(0,0,0,0)&#8221; button_border_color=&#8221;#ffffff&#8221; button_border_radius=&#8221;0px&#8221; button_font=&#8221;Montserrat|on||on|&#8221; button_use_icon=&#8221;off&#8221; custom_margin=&#8221;||1px||false|false&#8221; custom_padding=&#8221;||0px||false|false&#8221; header_font_size_tablet=&#8221;50&#8243; header_font_size_phone=&#8221;36&#8243; header_font_size_last_edited=&#8221;on|phone&#8221; button_border_radius_hover=&#8221;0px&#8221; button_bg_color_hover=&#8221;rgba(0,0,0,0.3)&#8221; global_colors_info=&#8221;{}&#8221; button_text_size__hover_enabled=&#8221;off&#8221; button_one_text_size__hover_enabled=&#8221;off&#8221; button_two_text_size__hover_enabled=&#8221;off&#8221; button_text_color__hover_enabled=&#8221;off&#8221; button_one_text_color__hover_enabled=&#8221;off&#8221; button_two_text_color__hover_enabled=&#8221;off&#8221; button_border_width__hover_enabled=&#8221;off&#8221; button_one_border_width__hover_enabled=&#8221;off&#8221; button_two_border_width__hover_enabled=&#8221;off&#8221; button_border_color__hover_enabled=&#8221;off&#8221; button_one_border_color__hover_enabled=&#8221;off&#8221; button_two_border_color__hover_enabled=&#8221;off&#8221; button_border_radius__hover_enabled=&#8221;on&#8221; button_border_radius__hover=&#8221;0px&#8221; button_one_border_radius__hover_enabled=&#8221;off&#8221; button_two_border_radius__hover_enabled=&#8221;off&#8221; button_letter_spacing__hover_enabled=&#8221;off&#8221; button_one_letter_spacing__hover_enabled=&#8221;off&#8221; button_two_letter_spacing__hover_enabled=&#8221;off&#8221; button_bg_color__hover_enabled=&#8221;on&#8221; button_bg_color__hover=&#8221;rgba(0,0,0,0.3)&#8221; button_one_bg_color__hover_enabled=&#8221;off&#8221; button_two_bg_color__hover_enabled=&#8221;off&#8221;][\/et_pb_cta][et_pb_divider color=&#8221;#CFC486&#8243; divider_weight=&#8221;5px&#8221; _builder_version=&#8221;4.27.5&#8243; _module_preset=&#8221;default&#8221; width=&#8221;100px&#8221; module_alignment=&#8221;center&#8221; custom_margin=&#8221;-27px||||false|false&#8221; animation_style=&#8221;slide&#8221; animation_direction=&#8221;top&#8221; global_colors_info=&#8221;{}&#8221;][\/et_pb_divider][et_pb_code _builder_version=&#8221;4.27.4&#8243; _module_preset=&#8221;default&#8221; global_colors_info=&#8221;{}&#8221;]<\/p>\n<style><!-- [et_pb_line_break_holder] -->   .hero-title {<!-- [et_pb_line_break_holder] -->  font-size: 5rem;<!-- [et_pb_line_break_holder] -->  font-weight: bold;<!-- [et_pb_line_break_holder] -->  color: #fff;<!-- [et_pb_line_break_holder] -->  text-align: center;<!-- [et_pb_line_break_holder] -->  opacity: 0;<!-- [et_pb_line_break_holder] -->  filter: blur(10px);<!-- [et_pb_line_break_holder] -->  animation: blurFadeIn 1.5s forwards;<!-- [et_pb_line_break_holder] -->  animation-delay: 0.5s;<!-- [et_pb_line_break_holder] -->}<!-- [et_pb_line_break_holder] --><!-- [et_pb_line_break_holder] -->@keyframes blurFadeIn {<!-- [et_pb_line_break_holder] -->  to {<!-- [et_pb_line_break_holder] -->    opacity: 1;<!-- [et_pb_line_break_holder] -->    filter: blur(0);<!-- [et_pb_line_break_holder] -->  }<!-- [et_pb_line_break_holder] -->}<!-- [et_pb_line_break_holder] --><\/style>\n<p>[\/et_pb_code][\/et_pb_column][\/et_pb_row][\/et_pb_section][et_pb_section fb_built=&#8221;1&#8243; _builder_version=&#8221;4.16&#8243; global_colors_info=&#8221;{}&#8221;][et_pb_row column_structure=&#8221;2_3,1_3&#8243; use_custom_gutter=&#8221;on&#8221; gutter_width=&#8221;1&#8243; make_equal=&#8221;on&#8221; _builder_version=&#8221;4.16&#8243; custom_margin=&#8221;|||&#8221; global_colors_info=&#8221;{}&#8221;][et_pb_column type=&#8221;2_3&#8243; module_class=&#8221;index1&#8243; _builder_version=&#8221;4.16&#8243; custom_padding=&#8221;|||&#8221; global_colors_info=&#8221;{}&#8221; custom_padding__hover=&#8221;|||&#8221;][et_pb_image src=&#8221;https:\/\/www.blazar.si\/wp-content\/uploads\/2018\/10\/pohodni\u0161tvo.jpg&#8221; align_tablet=&#8221;center&#8221; align_phone=&#8221;center&#8221; align_last_edited=&#8221;on|desktop&#8221; _builder_version=&#8221;4.16&#8243; custom_margin=&#8221;|||&#8221; custom_margin_tablet=&#8221;|||0px&#8221; custom_margin_phone=&#8221;&#8221; custom_margin_last_edited=&#8221;on|phone&#8221; global_colors_info=&#8221;{}&#8221;][\/et_pb_image][\/et_pb_column][et_pb_column type=&#8221;1_3&#8243; module_class=&#8221;index2&#8243; _builder_version=&#8221;4.16&#8243; custom_padding=&#8221;|||&#8221; custom_padding_tablet=&#8221;0px|||&#8221; custom_padding_phone=&#8221;0px|||&#8221; custom_padding_last_edited=&#8221;on|desktop&#8221; custom_css_main_element=&#8221;margin: auto auto 0;||&#8221; global_colors_info=&#8221;{}&#8221; padding_tablet=&#8221;0px|||&#8221; padding_last_edited=&#8221;on|desktop&#8221; custom_padding__hover=&#8221;|||&#8221; padding_phone=&#8221;0px|||&#8221;][et_pb_text _builder_version=&#8221;4.27.5&#8243; text_font=&#8221;||||||||&#8221; text_text_color=&#8221;#ffffff&#8221; link_font=&#8221;||||||||&#8221; link_text_color=&#8221;#ffffff&#8221; header_font=&#8221;||||||||&#8221; header_text_color=&#8221;#ffffff&#8221; header_2_font=&#8221;|800|||||||&#8221; header_2_text_color=&#8221;#ffffff&#8221; background_color=&#8221;#B6C0B5&#8243; custom_margin=&#8221;||33px|&#8221; custom_margin_tablet=&#8221;0px|||&#8221; custom_margin_phone=&#8221;&#8221; custom_margin_last_edited=&#8221;on|phone&#8221; custom_padding=&#8221;37px|37px|37px|37px|true|true&#8221; box_shadow_style=&#8221;preset1&#8243; box_shadow_blur=&#8221;50px&#8221; global_colors_info=&#8221;{}&#8221;]<\/p>\n<h2>POHODNI\u0160TVO<\/h2>\n<p>Vas je odli\u010dno izhodi\u0161\u010de za mnoge za kraj\u0161e in dalj\u0161e pohode. Nahajamo se v neposredni bli\u017eini Triglavskega narodneha parka, poti Alpe Adria Trail, Juliana Trail in Poti miru.<\/p>\n<p>Povezave:<br \/><a href=\"https:\/\/www.alpe-adria-trail.com\/\" target=\"_blank\" rel=\"noopener noreferrer\">Alpe Adia Trail<\/a><br \/><a href=\"https:\/\/julian-alps.com\/sl\/daljinska-pot\/julijske-alpe\/daljinska-pot-po-julijskih-alpah\/8873922\/\" target=\"_blank\" rel=\"noopener noreferrer\">Juliana Trail<\/a><\/p>\n<p>[\/et_pb_text][\/et_pb_column][\/et_pb_row][et_pb_row column_structure=&#8221;2_3,1_3&#8243; use_custom_gutter=&#8221;on&#8221; gutter_width=&#8221;1&#8243; make_equal=&#8221;on&#8221; _builder_version=&#8221;4.16&#8243; custom_margin=&#8221;|||&#8221; global_colors_info=&#8221;{}&#8221;][et_pb_column type=&#8221;2_3&#8243; module_class=&#8221;index1&#8243; _builder_version=&#8221;4.16&#8243; custom_padding=&#8221;|||&#8221; global_colors_info=&#8221;{}&#8221; custom_padding__hover=&#8221;|||&#8221;][et_pb_image src=&#8221;https:\/\/www.blazar.si\/wp-content\/uploads\/2018\/10\/kolesarjenje-1.jpg&#8221; align_tablet=&#8221;center&#8221; align_phone=&#8221;center&#8221; align_last_edited=&#8221;on|desktop&#8221; _builder_version=&#8221;4.16&#8243; custom_margin=&#8221;|||&#8221; custom_margin_tablet=&#8221;|||0px&#8221; custom_margin_phone=&#8221;&#8221; custom_margin_last_edited=&#8221;on|phone&#8221; global_colors_info=&#8221;{}&#8221;][\/et_pb_image][\/et_pb_column][et_pb_column type=&#8221;1_3&#8243; module_class=&#8221;index2&#8243; _builder_version=&#8221;4.16&#8243; custom_padding=&#8221;|||&#8221; custom_padding_tablet=&#8221;0px|||&#8221; custom_padding_phone=&#8221;0px|||&#8221; custom_padding_last_edited=&#8221;on|desktop&#8221; custom_css_main_element=&#8221;margin: auto auto 0;||&#8221; global_colors_info=&#8221;{}&#8221; padding_tablet=&#8221;0px|||&#8221; padding_last_edited=&#8221;on|desktop&#8221; custom_padding__hover=&#8221;|||&#8221; padding_phone=&#8221;0px|||&#8221;][et_pb_text _builder_version=&#8221;4.16&#8243; text_font=&#8221;||||||||&#8221; text_text_color=&#8221;#ffffff&#8221; link_font=&#8221;||||||||&#8221; link_text_color=&#8221;#ffffff&#8221; header_font=&#8221;||||||||&#8221; header_text_color=&#8221;#ffffff&#8221; header_2_font=&#8221;|800|||||||&#8221; header_2_text_color=&#8221;#ffffff&#8221; background_color=&#8221;#B6C0B5&#8243; custom_margin=&#8221;||33px|&#8221; custom_margin_tablet=&#8221;0px|||&#8221; custom_margin_phone=&#8221;&#8221; custom_margin_last_edited=&#8221;on|phone&#8221; custom_padding=&#8221;37px|37px|37px|37px|true|true&#8221; box_shadow_style=&#8221;preset1&#8243; box_shadow_blur=&#8221;50px&#8221; global_colors_info=&#8221;{}&#8221;]<\/p>\n<h2>KOLESARJENJE<\/h2>\n<p>Za MTB navdu\u0161ence je dolina So\u010de pravo igri\u0161\u010de. Poji\u0161\u010dite svojo turo.<\/p>\n<p>Povezave:<br \/> <a href=\"https:\/\/www.soca-valley.com\/sl\/iskanje-dogodivscin\/aktivnosti\/kolesarjenje\/\" target=\"_blank\" rel=\"noopener noreferrer\">Kolesarjenje Poso\u010dje<\/a><\/p>\n<p>[\/et_pb_text][\/et_pb_column][\/et_pb_row][et_pb_row column_structure=&#8221;2_3,1_3&#8243; use_custom_gutter=&#8221;on&#8221; gutter_width=&#8221;1&#8243; make_equal=&#8221;on&#8221; _builder_version=&#8221;4.16&#8243; custom_margin=&#8221;|||&#8221; global_colors_info=&#8221;{}&#8221;][et_pb_column type=&#8221;2_3&#8243; module_class=&#8221;index1&#8243; _builder_version=&#8221;4.16&#8243; custom_padding=&#8221;|||&#8221; global_colors_info=&#8221;{}&#8221; custom_padding__hover=&#8221;|||&#8221;][et_pb_image src=&#8221;https:\/\/www.blazar.si\/wp-content\/uploads\/2018\/10\/Aktivnosti-ribolov.jpg&#8221; align_tablet=&#8221;center&#8221; align_phone=&#8221;center&#8221; align_last_edited=&#8221;on|desktop&#8221; _builder_version=&#8221;4.16&#8243; custom_margin=&#8221;|||&#8221; custom_margin_tablet=&#8221;|||0px&#8221; custom_margin_phone=&#8221;&#8221; custom_margin_last_edited=&#8221;on|phone&#8221; global_colors_info=&#8221;{}&#8221;][\/et_pb_image][\/et_pb_column][et_pb_column type=&#8221;1_3&#8243; module_class=&#8221;index2&#8243; _builder_version=&#8221;4.16&#8243; custom_padding=&#8221;|||&#8221; custom_padding_tablet=&#8221;0px|||&#8221; custom_padding_phone=&#8221;0px|||&#8221; custom_padding_last_edited=&#8221;on|desktop&#8221; custom_css_main_element=&#8221;margin: auto auto 0;||&#8221; global_colors_info=&#8221;{}&#8221; padding_tablet=&#8221;0px|||&#8221; padding_last_edited=&#8221;on|desktop&#8221; custom_padding__hover=&#8221;|||&#8221; padding_phone=&#8221;0px|||&#8221;][et_pb_text _builder_version=&#8221;4.16&#8243; text_font=&#8221;||||||||&#8221; text_text_color=&#8221;#ffffff&#8221; link_font=&#8221;||||||||&#8221; link_text_color=&#8221;#ffffff&#8221; header_font=&#8221;||||||||&#8221; header_text_color=&#8221;#ffffff&#8221; header_2_font=&#8221;|800|||||||&#8221; header_2_text_color=&#8221;#ffffff&#8221; background_color=&#8221;#B6C0B5&#8243; custom_margin=&#8221;||33px|&#8221; custom_margin_tablet=&#8221;0px|||&#8221; custom_margin_phone=&#8221;&#8221; custom_margin_last_edited=&#8221;on|phone&#8221; custom_padding=&#8221;37px|37px|37px|37px|true|true&#8221; box_shadow_style=&#8221;preset1&#8243; box_shadow_blur=&#8221;50px&#8221; global_colors_info=&#8221;{}&#8221;]<\/p>\n<h2>RIBOLOV<\/h2>\n<p>Reka So\u010da in njeni pritoki so raj za muharjenje, ki je edini dovoljen na\u010din ribarjenja v dolini So\u010de. Ribi\u010di muharji se navdu\u0161ujejo nad znamenito so\u0161ko postrvjo, lipani, poto\u010dnicami in \u0161arenkami.<\/p>\n<p>Povezave:<br \/> <a href=\"https:\/\/rdtolmin.si\/\" target=\"_blank\" rel=\"noopener noreferrer\">Ribi\u0161ka dru\u017eina Tolmin<\/a><\/p>\n<p>[\/et_pb_text][\/et_pb_column][\/et_pb_row][et_pb_row column_structure=&#8221;2_3,1_3&#8243; use_custom_gutter=&#8221;on&#8221; gutter_width=&#8221;1&#8243; make_equal=&#8221;on&#8221; _builder_version=&#8221;4.16&#8243; custom_margin=&#8221;|||&#8221; global_colors_info=&#8221;{}&#8221;][et_pb_column type=&#8221;2_3&#8243; module_class=&#8221;index1&#8243; _builder_version=&#8221;4.16&#8243; custom_padding=&#8221;|||&#8221; global_colors_info=&#8221;{}&#8221; custom_padding__hover=&#8221;|||&#8221;][et_pb_image src=&#8221;https:\/\/www.blazar.si\/wp-content\/uploads\/2018\/10\/vodni-\u0161porti-1.jpg&#8221; align_tablet=&#8221;center&#8221; align_phone=&#8221;center&#8221; align_last_edited=&#8221;on|desktop&#8221; _builder_version=&#8221;4.16&#8243; custom_margin=&#8221;|||&#8221; custom_margin_tablet=&#8221;|||0px&#8221; custom_margin_phone=&#8221;&#8221; custom_margin_last_edited=&#8221;on|phone&#8221; global_colors_info=&#8221;{}&#8221;][\/et_pb_image][\/et_pb_column][et_pb_column type=&#8221;1_3&#8243; module_class=&#8221;index2&#8243; _builder_version=&#8221;4.16&#8243; custom_padding=&#8221;|||&#8221; custom_padding_tablet=&#8221;0px|||&#8221; custom_padding_phone=&#8221;0px|||&#8221; custom_padding_last_edited=&#8221;on|desktop&#8221; custom_css_main_element=&#8221;margin: auto auto 0;||&#8221; global_colors_info=&#8221;{}&#8221; padding_tablet=&#8221;0px|||&#8221; padding_last_edited=&#8221;on|desktop&#8221; custom_padding__hover=&#8221;|||&#8221; padding_phone=&#8221;0px|||&#8221;][et_pb_text _builder_version=&#8221;4.16&#8243; text_font=&#8221;||||||||&#8221; text_text_color=&#8221;#ffffff&#8221; link_font=&#8221;||||||||&#8221; link_text_color=&#8221;#ffffff&#8221; header_font=&#8221;||||||||&#8221; header_text_color=&#8221;#ffffff&#8221; header_2_font=&#8221;|800|||||||&#8221; header_2_text_color=&#8221;#ffffff&#8221; background_color=&#8221;#B6C0B5&#8243; custom_margin=&#8221;||33px|&#8221; custom_margin_tablet=&#8221;0px|||&#8221; custom_margin_phone=&#8221;&#8221; custom_margin_last_edited=&#8221;on|phone&#8221; custom_padding=&#8221;37px|37px|37px|37px|true|true&#8221; box_shadow_style=&#8221;preset1&#8243; box_shadow_blur=&#8221;50px&#8221; global_colors_info=&#8221;{}&#8221;]<\/p>\n<h2>VODNI \u0160PORTI<\/h2>\n<p>Preprosto morate do\u017eiveti dolino So\u010de tudi na vodi.<\/p>\n<p>Povezave:<br \/> <a href=\"http:\/\/www.maya.si\" target=\"_blank\" rel=\"noopener noreferrer\">www.maya.si<\/a><\/p>\n<p>[\/et_pb_text][\/et_pb_column][\/et_pb_row][et_pb_row column_structure=&#8221;2_3,1_3&#8243; use_custom_gutter=&#8221;on&#8221; gutter_width=&#8221;1&#8243; make_equal=&#8221;on&#8221; _builder_version=&#8221;4.16&#8243; custom_margin=&#8221;|||&#8221; custom_padding=&#8221;28px|0px|56px|0px|false|false&#8221; global_colors_info=&#8221;{}&#8221;][et_pb_column type=&#8221;2_3&#8243; module_class=&#8221;index1&#8243; _builder_version=&#8221;4.16&#8243; custom_padding=&#8221;|||&#8221; global_colors_info=&#8221;{}&#8221; custom_padding__hover=&#8221;|||&#8221;][et_pb_image src=&#8221;https:\/\/www.blazar.si\/wp-content\/uploads\/2018\/10\/aktivnosti-Javorca-1.jpg&#8221; align_tablet=&#8221;center&#8221; align_phone=&#8221;center&#8221; align_last_edited=&#8221;on|desktop&#8221; _builder_version=&#8221;4.16&#8243; custom_margin=&#8221;|||&#8221; custom_margin_tablet=&#8221;|||0px&#8221; custom_margin_phone=&#8221;&#8221; custom_margin_last_edited=&#8221;on|phone&#8221; global_colors_info=&#8221;{}&#8221;][\/et_pb_image][\/et_pb_column][et_pb_column type=&#8221;1_3&#8243; module_class=&#8221;index2&#8243; _builder_version=&#8221;4.16&#8243; custom_padding=&#8221;|||&#8221; custom_padding_tablet=&#8221;0px|||&#8221; custom_padding_phone=&#8221;0px|||&#8221; custom_padding_last_edited=&#8221;on|desktop&#8221; custom_css_main_element=&#8221;margin: auto auto 0;||&#8221; global_colors_info=&#8221;{}&#8221; padding_tablet=&#8221;0px|||&#8221; padding_last_edited=&#8221;on|desktop&#8221; custom_padding__hover=&#8221;|||&#8221; padding_phone=&#8221;0px|||&#8221;][et_pb_text _builder_version=&#8221;4.16&#8243; text_font=&#8221;||||||||&#8221; text_text_color=&#8221;#ffffff&#8221; link_font=&#8221;||||||||&#8221; link_text_color=&#8221;#ffffff&#8221; link_font_size=&#8221;14px&#8221; header_font=&#8221;||||||||&#8221; header_text_color=&#8221;#ffffff&#8221; header_2_font=&#8221;|800|||||||&#8221; header_2_text_color=&#8221;#ffffff&#8221; background_color=&#8221;#B6C0B5&#8243; custom_margin=&#8221;||33px|&#8221; custom_margin_tablet=&#8221;0px|||&#8221; custom_margin_phone=&#8221;&#8221; custom_margin_last_edited=&#8221;on|phone&#8221; custom_padding=&#8221;37px|37px|37px|37px|true|true&#8221; box_shadow_style=&#8221;preset1&#8243; box_shadow_blur=&#8221;50px&#8221; global_colors_info=&#8221;{}&#8221;]<\/p>\n<h2>JAVORCA<\/h2>\n<p>&nbsp;<\/p>\n<p>Obmo\u010dje doline So\u010de je bilo v prvi svetovni vojni med letoma del so\u0161ke fronte. Vzemite si \u010das da spoznate ta del na\u0161e zgodovine.<\/p>\n<p>&nbsp;<\/p>\n<p>Povezave:<br \/><a href=\"https:\/\/www.thewalkofpeace.com\/\" target=\"_blank\" rel=\"noopener noreferrer\">Pot miru<\/a><br \/><a href=\"https:\/\/www.soca-valley.com\/sl\/predstavitev-znamenitosti\/javorca\/\" target=\"_blank\" rel=\"noopener noreferrer\">Javorca<\/a><\/p>\n<p>&nbsp;<\/p>\n<p>[\/et_pb_text][\/et_pb_column][\/et_pb_row][et_pb_row column_structure=&#8221;3_5,2_5&#8243; make_equal=&#8221;on&#8221; padding_top_bottom_link_2=&#8221;true&#8221; _builder_version=&#8221;4.16&#8243; background_color=&#8221;#b6c0b5&#8243; custom_padding=&#8221;0px|0px|0px|0px|false|false&#8221; global_colors_info=&#8221;{}&#8221;][et_pb_column type=&#8221;3_5&#8243; module_class=&#8221;ds-vertical-align&#8221; _builder_version=&#8221;4.16&#8243; custom_padding=&#8221;9px|||&#8221; global_colors_info=&#8221;{}&#8221; custom_padding__hover=&#8221;|||&#8221;][et_pb_text _builder_version=&#8221;4.16&#8243; header_font=&#8221;||||||||&#8221; header_2_font=&#8221;||||||||&#8221; header_2_font_size=&#8221;34px&#8221; global_colors_info=&#8221;{}&#8221;]<\/p>\n<h2 style=\"text-align: center;\">VEDNO SE NEKAJ DOGAJA<\/h2>\n<p>[\/et_pb_text][\/et_pb_column][et_pb_column type=&#8221;2_5&#8243; _builder_version=&#8221;4.16&#8243; background_color=&#8221;#cfc486&#8243; custom_padding=&#8221;22px||22px|&#8221; global_colors_info=&#8221;{}&#8221; custom_padding__hover=&#8221;|||&#8221;][et_pb_button button_url=&#8221;https:\/\/www.soca-valley.com\/en\/&#8221; url_new_window=&#8221;on&#8221; button_text=&#8221;Preveri koledar&#8221; button_alignment=&#8221;center&#8221; _builder_version=&#8221;4.27.5&#8243; custom_button=&#8221;on&#8221; button_text_size=&#8221;29px&#8221; button_border_width=&#8221;0px&#8221; button_font=&#8221;||||||||&#8221; button_icon=&#8221;&#x24;||divi||400&#8243; button_on_hover=&#8221;off&#8221; global_colors_info=&#8221;{}&#8221; button_text_size__hover_enabled=&#8221;off&#8221; button_one_text_size__hover_enabled=&#8221;off&#8221; button_two_text_size__hover_enabled=&#8221;off&#8221; button_text_color__hover_enabled=&#8221;off&#8221; button_one_text_color__hover_enabled=&#8221;off&#8221; button_two_text_color__hover_enabled=&#8221;off&#8221; button_border_width__hover_enabled=&#8221;off&#8221; button_one_border_width__hover_enabled=&#8221;off&#8221; button_two_border_width__hover_enabled=&#8221;off&#8221; button_border_color__hover_enabled=&#8221;off&#8221; button_one_border_color__hover_enabled=&#8221;off&#8221; button_two_border_color__hover_enabled=&#8221;off&#8221; button_border_radius__hover_enabled=&#8221;off&#8221; button_one_border_radius__hover_enabled=&#8221;off&#8221; button_two_border_radius__hover_enabled=&#8221;off&#8221; button_letter_spacing__hover_enabled=&#8221;off&#8221; button_one_letter_spacing__hover_enabled=&#8221;off&#8221; button_two_letter_spacing__hover_enabled=&#8221;off&#8221; button_bg_color__hover_enabled=&#8221;on|hover&#8221; button_one_bg_color__hover_enabled=&#8221;off&#8221; button_two_bg_color__hover_enabled=&#8221;off&#8221; button_bg_color__hover=&#8221;#CFC486&#8243; button_bg_enable_color__hover=&#8221;on&#8221;][\/et_pb_button][\/et_pb_column][\/et_pb_row][\/et_pb_section]<\/p>\n","protected":false},"excerpt":{"rendered":"<p>POHODNI\u0160TVO Vas je odli\u010dno izhodi\u0161\u010de za mnoge za kraj\u0161e in dalj\u0161e pohode. Nahajamo se v neposredni bli\u017eini Triglavskega narodneha parka, poti Alpe Adria Trail, Juliana Trail in Poti miru. Povezave:Alpe Adia TrailJuliana TrailKOLESARJENJE Za MTB navdu\u0161ence je dolina So\u010de pravo igri\u0161\u010de. Poji\u0161\u010dite svojo turo. Povezave: Kolesarjenje Poso\u010djeRIBOLOV Reka So\u010da in njeni pritoki so raj za [&hellip;]<\/p>\n","protected":false},"author":1,"featured_media":0,"parent":0,"menu_order":0,"comment_status":"closed","ping_status":"closed","template":"","meta":{"_et_pb_use_builder":"on","_et_pb_old_content":"","_et_gb_content_width":"","footnotes":""},"class_list":["post-18","page","type-page","status-publish","hentry"],"_links":{"self":[{"href":"https:\/\/www.blazar.si\/sl\/wp-json\/wp\/v2\/pages\/18","targetHints":{"allow":["GET"]}}],"collection":[{"href":"https:\/\/www.blazar.si\/sl\/wp-json\/wp\/v2\/pages"}],"about":[{"href":"https:\/\/www.blazar.si\/sl\/wp-json\/wp\/v2\/types\/page"}],"author":[{"embeddable":true,"href":"https:\/\/www.blazar.si\/sl\/wp-json\/wp\/v2\/users\/1"}],"replies":[{"embeddable":true,"href":"https:\/\/www.blazar.si\/sl\/wp-json\/wp\/v2\/comments?post=18"}],"version-history":[{"count":31,"href":"https:\/\/www.blazar.si\/sl\/wp-json\/wp\/v2\/pages\/18\/revisions"}],"predecessor-version":[{"id":234280,"href":"https:\/\/www.blazar.si\/sl\/wp-json\/wp\/v2\/pages\/18\/revisions\/234280"}],"wp:attachment":[{"href":"https:\/\/www.blazar.si\/sl\/wp-json\/wp\/v2\/media?parent=18"}],"curies":[{"name":"wp","href":"https:\/\/api.w.org\/{rel}","templated":true}]}}