{"id":12,"date":"2018-10-01T16:03:32","date_gmt":"2018-10-01T16:03:32","guid":{"rendered":"https:\/\/www.blazar.si\/?page_id=12"},"modified":"2026-02-02T11:55:06","modified_gmt":"2026-02-02T11:55:06","slug":"domov","status":"publish","type":"page","link":"https:\/\/www.blazar.si\/sl\/","title":{"rendered":"Domov"},"content":{"rendered":"<p>[et_pb_section fb_built=&#8221;1&#8243; admin_label=&#8221;Dynamic Background Hover&#8221; _builder_version=&#8221;4.27.5&#8243; _module_preset=&#8221;default&#8221; custom_padding=&#8221;0px||0px||true|false&#8221; global_colors_info=&#8221;{}&#8221;][et_pb_row column_structure=&#8221;1_2,1_2&#8243; use_custom_gutter=&#8221;on&#8221; gutter_width=&#8221;1&#8243; make_equal=&#8221;on&#8221; module_class=&#8221;free-312-dark&#8221; _builder_version=&#8221;4.27.5&#8243; _module_preset=&#8221;default&#8221; background_enable_color=&#8221;off&#8221; background_image=&#8221;https:\/\/www.blazar.si\/wp-content\/uploads\/2026\/02\/home-blazar.webp&#8221; width=&#8221;100%&#8221; max_width=&#8221;100%&#8221; custom_padding=&#8221;0px||0px||true|false&#8221; custom_css_main_element=&#8221;transition: all 0.3s ease;&#8221; global_colors_info=&#8221;{}&#8221;][et_pb_column type=&#8221;1_2&#8243; _builder_version=&#8221;4.16&#8243; _module_preset=&#8221;default&#8221; background_enable_color=&#8221;off&#8221; border_color_all=&#8221;#FFFFFF&#8221; border_width_right=&#8221;1px&#8221; border_width_right_tablet=&#8221;0px&#8221; border_width_right_phone=&#8221;&#8221; border_width_right_last_edited=&#8221;on|tablet&#8221; border_width_bottom_tablet=&#8221;1px&#8221; border_width_bottom_phone=&#8221;&#8221; border_width_bottom_last_edited=&#8221;on|tablet&#8221; global_colors_info=&#8221;{}&#8221;][et_pb_code admin_label=&#8221;Code for Dynamic Background Hover&#8221; _builder_version=&#8221;4.27.5&#8243; _module_preset=&#8221;default&#8221; custom_margin=&#8221;||0px||false|false&#8221; custom_css_main_element=&#8221;display: none!important;&#8221; locked=&#8221;off&#8221; global_colors_info=&#8221;{}&#8221;]<script><!-- [et_pb_line_break_holder] -->jQuery(function(r){r(\".free-312-dark-1\").hover(function(){r(this).closest(\".free-312-dark\").attr(\"style\",\"background-image:\"+r(\".free-312-dark-1\").css(\"background-image\")+\"!important\")}),r(\".free-312-dark-2\").hover(function(){r(this).closest(\".free-312-dark\").attr(\"style\",\"background-image:\"+r(\".free-312-dark-2\").css(\"background-image\")+\"!important\")})});<!-- [et_pb_line_break_holder] --><\/script>[\/et_pb_code][et_pb_blurb title=&#8221;Apartmajska hi\u0161a Blazar&#8221; content_max_width=&#8221;100%&#8221; module_class=&#8221;free-312-dark-1&#8243; _builder_version=&#8221;4.27.5&#8243; _module_preset=&#8221;default&#8221; header_level=&#8221;h3&#8243; header_font=&#8221;||||||||&#8221; header_font_size=&#8221;50px&#8221; header_line_height=&#8221;1.2em&#8221; body_font_size=&#8221;18px&#8221; body_line_height=&#8221;1.5em&#8221; background_color=&#8221;rgba(34,34,34,0.5)&#8221; background_image=&#8221;https:\/\/www.blazar.si\/wp-content\/uploads\/2026\/02\/home-blazar.webp&#8221; text_orientation=&#8221;right&#8221; background_layout=&#8221;dark&#8221; custom_padding=&#8221;60vh|50px||50px|false|true&#8221; custom_padding_tablet=&#8221;120px||120px||true|true&#8221; custom_padding_phone=&#8221;&#8221; custom_padding_last_edited=&#8221;on|tablet&#8221; link_option_url=&#8221;https:\/\/www.blazar.si\/sl\/apartmajska-hisa-blazar\/&#8221; hover_enabled=&#8221;0&#8243; header_font_size_tablet=&#8221;42px&#8221; header_font_size_phone=&#8221;32px&#8221; header_font_size_last_edited=&#8221;on|desktop&#8221; background_color_tablet=&#8221;rgba(34,34,34,0.5)&#8221; background_last_edited=&#8221;off|desktop&#8221; background_enable_color_tablet=&#8221;on&#8221; text_orientation_tablet=&#8221;left&#8221; text_orientation_phone=&#8221;&#8221; text_orientation_last_edited=&#8221;on|tablet&#8221; custom_css_before=&#8221;content: &#8221;;||position: absolute;||top: 0;||bottom: 0;||left: 0;||right: 0;||background-color: inherit;||opacity: 0;&#8221; custom_css_main_element=&#8221;background-size: 0 0!important;||min-height: calc(100vh &#8211; 64px);&#8221; custom_css_after=&#8221;content: &#8216;PREBERITE VE\u010c&#8217;;||font-size: 14px;||letter-spacing: 2px;||position: relative;||display: inline-block;||margin-top: 26px;||padding: 8px 23px;||border: 1px solid #cfc486;||border-radius: 55px;||transition: all 0.3s ease;||background: #cfc486;||font-weight:800;&#8221; global_colors_info=&#8221;{}&#8221; custom_css_main_element_last_edited=&#8221;on|tablet&#8221; custom_css_main_element_tablet=&#8221;background-size: cover!important;&#8221; custom_css_before_last_edited=&#8221;on|tablet&#8221; custom_css_before_tablet=&#8221;content: &#8221;;||position: absolute;||top: 0;||bottom: 0;||left: 0;||right: 0;||background-color: inherit;||opacity: 1;&#8221; custom_css_after__hover=&#8221;font-size: 14px;||position: relative;||display: inline-block;||margin-top: 26px;||padding: 8px 23px;||border: 1px solid #fff;||opacity: 1;||transition: all 0.3s ease;||background: white;||color: #cfc486;&#8221; custom_css_after__hover_enabled=&#8221;on|hover&#8221; custom_css_main_element_phone=&#8221;background-size: cover!important;&#8221; custom_css_before_phone=&#8221;content: &#8221;;||position: absolute;||top: 0;||bottom: 0;||left: 0;||right: 0;||background-color: inherit;||opacity: 1;&#8221; sticky_enabled=&#8221;0&#8243;]<\/p>\n<p>Apartmajska hi\u0161a Blazar se nahaja v vasi Volarje, le 200 m od reke So\u010de. Ponuja klimatizirane apartmaje, brezpla\u010den brez\u017ei\u010dni internet, brezpla\u010dno parkiri\u0161\u010de in vrt s teraso.<\/p>\n<p>[\/et_pb_blurb][\/et_pb_column][et_pb_column type=&#8221;1_2&#8243; _builder_version=&#8221;4.16&#8243; _module_preset=&#8221;default&#8221; background_enable_color=&#8221;off&#8221; global_colors_info=&#8221;{}&#8221;][et_pb_blurb title=&#8221;Apartmaji Vrhouc&#8221; content_max_width=&#8221;100%&#8221; module_class=&#8221;free-312-dark-2&#8243; _builder_version=&#8221;4.27.5&#8243; _module_preset=&#8221;default&#8221; header_level=&#8221;h3&#8243; header_font=&#8221;||||||||&#8221; header_font_size=&#8221;50px&#8221; header_line_height=&#8221;1.2em&#8221; body_font_size=&#8221;18px&#8221; body_line_height=&#8221;1.5em&#8221; background_color=&#8221;rgba(34,34,34,0.5)&#8221; background_image=&#8221;https:\/\/www.blazar.si\/wp-content\/uploads\/2026\/02\/home-vrhouc.webp&#8221; background_layout=&#8221;dark&#8221; height=&#8221;100%&#8221; custom_padding=&#8221;60vh|50px||50px|false|true&#8221; custom_padding_tablet=&#8221;120px||120px||true|true&#8221; custom_padding_phone=&#8221;&#8221; custom_padding_last_edited=&#8221;on|tablet&#8221; link_option_url=&#8221;https:\/\/www.blazar.si\/sl\/apartmaji-vrhouc\/&#8221; hover_enabled=&#8221;0&#8243; header_font_size_tablet=&#8221;42px&#8221; header_font_size_phone=&#8221;32px&#8221; header_font_size_last_edited=&#8221;on|desktop&#8221; background_color_tablet=&#8221;rgba(34,34,34,0.65)&#8221; background_last_edited=&#8221;off|desktop&#8221; background_enable_color_tablet=&#8221;on&#8221; custom_css_before=&#8221;content: &#8221;;||position: absolute;||top: 0;||bottom: 0;||left: 0;||right: 0;||background-color: inherit;||opacity: 0;&#8221; custom_css_main_element=&#8221;background-size: 0 0!important;||min-height: calc(100vh &#8211; 64px);&#8221; custom_css_after=&#8221;content: &#8216;PREBERITE VE\u010c&#8217;;||font-size: 14px;||letter-spacing: 2px;||position: relative;||display: inline-block;||margin-top: 26px;||padding: 8px 23px;||border: 1px solid #cfc486;||border-radius: 55px;||transition: all 0.3s ease;||background: #cfc486;||font-weight:800;&#8221; global_colors_info=&#8221;{}&#8221; custom_css_main_element_last_edited=&#8221;on|phone&#8221; custom_css_main_element_tablet=&#8221;background-size: cover!important;&#8221; custom_css_before_last_edited=&#8221;on|desktop&#8221; custom_css_before_tablet=&#8221;content: &#8221;;||position: absolute;||top: 0;||bottom: 0;||left: 0;||right: 0;||background-color: inherit;||opacity: 1;&#8221; custom_css_after__hover=&#8221;font-size: 14px;||position: relative;||display: inline-block;||margin-top: 26px;||padding: 8px 23px;||border: 1px solid #fff;||opacity: 1;||transition: all 0.3s ease;||background: white;||color: #cfc486;&#8221; custom_css_after__hover_enabled=&#8221;on|hover&#8221; custom_css_main_element_phone=&#8221;background-size: cover!important;&#8221; custom_css_before_phone=&#8221;content: &#8221;;||position: absolute;||top: 0;||bottom: 0;||left: 0;||right: 0;||background-color: inherit;||opacity: 1;&#8221; sticky_enabled=&#8221;0&#8243;]<\/p>\n<p>Apartmaji Vrhouc se nahajajo v na\u0161i 100 let stari dru\u017einski kamniti hi\u0161i, postavljeni na samem vrhu hriba in obdani s polji ter gozdom, le pet minut vo\u017enje oddaljeni od doline So\u010de.<\/p>\n<p>[\/et_pb_blurb][\/et_pb_column][\/et_pb_row][\/et_pb_section]<\/p>\n","protected":false},"excerpt":{"rendered":"<p>Apartmajska hi\u0161a Blazar se nahaja v vasi Volarje, le 200 m od reke So\u010de. Ponuja klimatizirane apartmaje, brezpla\u010den brez\u017ei\u010dni internet, brezpla\u010dno parkiri\u0161\u010de in vrt s teraso.Apartmaji Vrhouc se nahajajo v na\u0161i 100 let stari dru\u017einski kamniti hi\u0161i, postavljeni na samem vrhu hriba in obdani s polji ter gozdom, le pet minut vo\u017enje oddaljeni od doline [&hellip;]<\/p>\n","protected":false},"author":1,"featured_media":0,"parent":0,"menu_order":0,"comment_status":"closed","ping_status":"closed","template":"","meta":{"_et_pb_use_builder":"on","_et_pb_old_content":"","_et_gb_content_width":"","footnotes":""},"class_list":["post-12","page","type-page","status-publish","hentry"],"_links":{"self":[{"href":"https:\/\/www.blazar.si\/sl\/wp-json\/wp\/v2\/pages\/12","targetHints":{"allow":["GET"]}}],"collection":[{"href":"https:\/\/www.blazar.si\/sl\/wp-json\/wp\/v2\/pages"}],"about":[{"href":"https:\/\/www.blazar.si\/sl\/wp-json\/wp\/v2\/types\/page"}],"author":[{"embeddable":true,"href":"https:\/\/www.blazar.si\/sl\/wp-json\/wp\/v2\/users\/1"}],"replies":[{"embeddable":true,"href":"https:\/\/www.blazar.si\/sl\/wp-json\/wp\/v2\/comments?post=12"}],"version-history":[{"count":89,"href":"https:\/\/www.blazar.si\/sl\/wp-json\/wp\/v2\/pages\/12\/revisions"}],"predecessor-version":[{"id":234378,"href":"https:\/\/www.blazar.si\/sl\/wp-json\/wp\/v2\/pages\/12\/revisions\/234378"}],"wp:attachment":[{"href":"https:\/\/www.blazar.si\/sl\/wp-json\/wp\/v2\/media?parent=12"}],"curies":[{"name":"wp","href":"https:\/\/api.w.org\/{rel}","templated":true}]}}